{"id":338,"date":"2017-03-19T21:56:05","date_gmt":"2017-03-19T20:56:05","guid":{"rendered":"http:\/\/romain-seumois-ebenisterie.fr\/?page_id=338"},"modified":"2017-03-21T00:10:15","modified_gmt":"2017-03-20T23:10:15","slug":"latelier","status":"publish","type":"page","link":"https:\/\/romain-seumois-ebenisterie.fr\/index.php\/latelier\/","title":{"rendered":"L&rsquo;Atelier"},"content":{"rendered":"<div id=\"pl-338\"  class=\"panel-layout\" ><div id=\"pg-338-0\"  class=\"panel-grid panel-has-style\" ><div style=\"padding: 100px 0; \" data-overlay=\"true\" class=\"panel-row-style panel-row-style-for-338-0\" ><div id=\"pgc-338-0-0\"  class=\"panel-grid-cell\" ><div id=\"panel-338-0-0-0\" class=\"so-panel widget widget_text panel-first-child\" data-index=\"0\" ><div style=\"text-align: left;\" data-title-color=\"#443f3f\" data-headings-color=\"#443f3f\" class=\"panel-widget-style panel-widget-style-for-338-0-0-0\" >\t\t\t<div class=\"textwidget\">L\u2019\u00e9b\u00e9nisterie est un travail minutieux qui demande beaucoup de temps, de techniques, mais aussi un mat\u00e9riel ad\u00e9quat. D\u00e9couvrez dans cette rubrique les produits et les outils n\u00e9cessaires \u00e0 la bonne prise en charge de vos <strong>meubles anciens<\/strong>.<\/div>\n\t\t<\/div><\/div><div id=\"panel-338-0-0-1\" class=\"so-panel widget widget_sydney_portfolio sydney_portfolio_widget panel-last-child\" data-index=\"1\" ><div style=\"text-align: left;\" data-title-color=\"#443f3f\" data-headings-color=\"#443f3f\" class=\"panel-widget-style panel-widget-style-for-338-0-0-1\" ><div class=\"project-wrap\"><div class=\"roll-project fullwidth\"><div class=\"isotope-container\" data-portfolio-effect=\"fadeInUp\"><div class=\"project-item item isotope-item latelier \"><a class=\"project-pop-wrap\" href=\"https:\/\/romain-seumois-ebenisterie.fr\/index.php\/projects\/les-gouges\/\"><div class=\"project-pop\"><\/div><div class=\"project-title-wrap\"><div class=\"project-title\"><span>Les Gouges<\/span><\/div><\/div><\/a><a href=\"https:\/\/romain-seumois-ebenisterie.fr\/index.php\/projects\/les-gouges\/\"><img width=\"480\" height=\"360\" src=\"https:\/\/romain-seumois-ebenisterie.fr\/wp-content\/uploads\/2017\/03\/IMG_20170319_175302-480x360.jpg\" class=\"attachment-sydney-mas-thumb size-sydney-mas-thumb wp-post-image\" alt=\"gouges entete\" loading=\"lazy\" srcset=\"https:\/\/romain-seumois-ebenisterie.fr\/wp-content\/uploads\/2017\/03\/IMG_20170319_175302-480x360.jpg 480w, https:\/\/romain-seumois-ebenisterie.fr\/wp-content\/uploads\/2017\/03\/IMG_20170319_175302-300x225.jpg 300w, https:\/\/romain-seumois-ebenisterie.fr\/wp-content\/uploads\/2017\/03\/IMG_20170319_175302-768x576.jpg 768w, https:\/\/romain-seumois-ebenisterie.fr\/wp-content\/uploads\/2017\/03\/IMG_20170319_175302-1024x768.jpg 1024w, https:\/\/romain-seumois-ebenisterie.fr\/wp-content\/uploads\/2017\/03\/IMG_20170319_175302-830x623.jpg 830w, https:\/\/romain-seumois-ebenisterie.fr\/wp-content\/uploads\/2017\/03\/IMG_20170319_175302-230x173.jpg 230w, https:\/\/romain-seumois-ebenisterie.fr\/wp-content\/uploads\/2017\/03\/IMG_20170319_175302-350x263.jpg 350w, https:\/\/romain-seumois-ebenisterie.fr\/wp-content\/uploads\/2017\/03\/IMG_20170319_175302-e1490392573450.jpg 800w\" sizes=\"(max-width: 480px) 100vw, 480px\" \/><\/a><\/div><div class=\"project-item item isotope-item latelier \"><a class=\"project-pop-wrap\" href=\"https:\/\/romain-seumois-ebenisterie.fr\/index.php\/projects\/le-racloir\/\"><div class=\"project-pop\"><\/div><div class=\"project-title-wrap\"><div class=\"project-title\"><span>Le racloir<\/span><\/div><\/div><\/a><a href=\"https:\/\/romain-seumois-ebenisterie.fr\/index.php\/projects\/le-racloir\/\"><img width=\"480\" height=\"360\" src=\"https:\/\/romain-seumois-ebenisterie.fr\/wp-content\/uploads\/2017\/03\/IMG_20170319_181405-480x360.jpg\" class=\"attachment-sydney-mas-thumb size-sydney-mas-thumb wp-post-image\" alt=\"racloir entete\" loading=\"lazy\" srcset=\"https:\/\/romain-seumois-ebenisterie.fr\/wp-content\/uploads\/2017\/03\/IMG_20170319_181405-480x360.jpg 480w, https:\/\/romain-seumois-ebenisterie.fr\/wp-content\/uploads\/2017\/03\/IMG_20170319_181405-300x225.jpg 300w, https:\/\/romain-seumois-ebenisterie.fr\/wp-content\/uploads\/2017\/03\/IMG_20170319_181405-768x576.jpg 768w, https:\/\/romain-seumois-ebenisterie.fr\/wp-content\/uploads\/2017\/03\/IMG_20170319_181405-1024x768.jpg 1024w, https:\/\/romain-seumois-ebenisterie.fr\/wp-content\/uploads\/2017\/03\/IMG_20170319_181405-830x623.jpg 830w, https:\/\/romain-seumois-ebenisterie.fr\/wp-content\/uploads\/2017\/03\/IMG_20170319_181405-230x173.jpg 230w, https:\/\/romain-seumois-ebenisterie.fr\/wp-content\/uploads\/2017\/03\/IMG_20170319_181405-350x263.jpg 350w, https:\/\/romain-seumois-ebenisterie.fr\/wp-content\/uploads\/2017\/03\/IMG_20170319_181405-e1490133162982.jpg 800w\" sizes=\"(max-width: 480px) 100vw, 480px\" \/><\/a><\/div><div class=\"project-item item isotope-item latelier \"><a class=\"project-pop-wrap\" href=\"https:\/\/romain-seumois-ebenisterie.fr\/index.php\/projects\/les-cires\/\"><div class=\"project-pop\"><\/div><div class=\"project-title-wrap\"><div class=\"project-title\"><span>Cires : les diff\u00e9rents types utilis\u00e9s<\/span><\/div><\/div><\/a><a href=\"https:\/\/romain-seumois-ebenisterie.fr\/index.php\/projects\/les-cires\/\"><img width=\"480\" height=\"360\" src=\"https:\/\/romain-seumois-ebenisterie.fr\/wp-content\/uploads\/2017\/03\/IMG_20170319_173005-480x360.jpg\" class=\"attachment-sydney-mas-thumb size-sydney-mas-thumb wp-post-image\" alt=\"les cires entete\" loading=\"lazy\" srcset=\"https:\/\/romain-seumois-ebenisterie.fr\/wp-content\/uploads\/2017\/03\/IMG_20170319_173005-480x360.jpg 480w, https:\/\/romain-seumois-ebenisterie.fr\/wp-content\/uploads\/2017\/03\/IMG_20170319_173005-300x225.jpg 300w, https:\/\/romain-seumois-ebenisterie.fr\/wp-content\/uploads\/2017\/03\/IMG_20170319_173005-768x576.jpg 768w, https:\/\/romain-seumois-ebenisterie.fr\/wp-content\/uploads\/2017\/03\/IMG_20170319_173005-1024x768.jpg 1024w, https:\/\/romain-seumois-ebenisterie.fr\/wp-content\/uploads\/2017\/03\/IMG_20170319_173005-830x623.jpg 830w, https:\/\/romain-seumois-ebenisterie.fr\/wp-content\/uploads\/2017\/03\/IMG_20170319_173005-230x173.jpg 230w, https:\/\/romain-seumois-ebenisterie.fr\/wp-content\/uploads\/2017\/03\/IMG_20170319_173005-350x263.jpg 350w, https:\/\/romain-seumois-ebenisterie.fr\/wp-content\/uploads\/2017\/03\/IMG_20170319_173005-e1490000995819.jpg 800w\" sizes=\"(max-width: 480px) 100vw, 480px\" \/><\/a><\/div><div class=\"project-item item isotope-item latelier \"><a class=\"project-pop-wrap\" href=\"https:\/\/romain-seumois-ebenisterie.fr\/index.php\/projects\/colle-de-poisson\/\"><div class=\"project-pop\"><\/div><div class=\"project-title-wrap\"><div class=\"project-title\"><span>Colle de poisson<\/span><\/div><\/div><\/a><a href=\"https:\/\/romain-seumois-ebenisterie.fr\/index.php\/projects\/colle-de-poisson\/\"><img width=\"480\" height=\"360\" src=\"https:\/\/romain-seumois-ebenisterie.fr\/wp-content\/uploads\/2017\/03\/IMG_20170320_093029-480x360.jpg\" class=\"attachment-sydney-mas-thumb size-sydney-mas-thumb wp-post-image\" alt=\"sceau entete\" loading=\"lazy\" srcset=\"https:\/\/romain-seumois-ebenisterie.fr\/wp-content\/uploads\/2017\/03\/IMG_20170320_093029-480x360.jpg 480w, https:\/\/romain-seumois-ebenisterie.fr\/wp-content\/uploads\/2017\/03\/IMG_20170320_093029-300x225.jpg 300w, https:\/\/romain-seumois-ebenisterie.fr\/wp-content\/uploads\/2017\/03\/IMG_20170320_093029-768x576.jpg 768w, https:\/\/romain-seumois-ebenisterie.fr\/wp-content\/uploads\/2017\/03\/IMG_20170320_093029-1024x768.jpg 1024w, https:\/\/romain-seumois-ebenisterie.fr\/wp-content\/uploads\/2017\/03\/IMG_20170320_093029-830x623.jpg 830w, https:\/\/romain-seumois-ebenisterie.fr\/wp-content\/uploads\/2017\/03\/IMG_20170320_093029-230x173.jpg 230w, https:\/\/romain-seumois-ebenisterie.fr\/wp-content\/uploads\/2017\/03\/IMG_20170320_093029-350x263.jpg 350w, https:\/\/romain-seumois-ebenisterie.fr\/wp-content\/uploads\/2017\/03\/IMG_20170320_093029-e1489999543769.jpg 800w\" sizes=\"(max-width: 480px) 100vw, 480px\" \/><\/a><\/div><div class=\"project-item item isotope-item latelier \"><a class=\"project-pop-wrap\" href=\"https:\/\/romain-seumois-ebenisterie.fr\/index.php\/projects\/colle-chaude\/\"><div class=\"project-pop\"><\/div><div class=\"project-title-wrap\"><div class=\"project-title\"><span>Colle chaude<\/span><\/div><\/div><\/a><a href=\"https:\/\/romain-seumois-ebenisterie.fr\/index.php\/projects\/colle-chaude\/\"><img width=\"480\" height=\"360\" src=\"https:\/\/romain-seumois-ebenisterie.fr\/wp-content\/uploads\/2017\/03\/IMG_20170319_171910_1-480x360.jpg\" class=\"attachment-sydney-mas-thumb size-sydney-mas-thumb wp-post-image\" alt=\"colle chaud entete\" loading=\"lazy\" srcset=\"https:\/\/romain-seumois-ebenisterie.fr\/wp-content\/uploads\/2017\/03\/IMG_20170319_171910_1-480x360.jpg 480w, https:\/\/romain-seumois-ebenisterie.fr\/wp-content\/uploads\/2017\/03\/IMG_20170319_171910_1-300x225.jpg 300w, https:\/\/romain-seumois-ebenisterie.fr\/wp-content\/uploads\/2017\/03\/IMG_20170319_171910_1-768x576.jpg 768w, https:\/\/romain-seumois-ebenisterie.fr\/wp-content\/uploads\/2017\/03\/IMG_20170319_171910_1-1024x768.jpg 1024w, https:\/\/romain-seumois-ebenisterie.fr\/wp-content\/uploads\/2017\/03\/IMG_20170319_171910_1-830x623.jpg 830w, https:\/\/romain-seumois-ebenisterie.fr\/wp-content\/uploads\/2017\/03\/IMG_20170319_171910_1-230x173.jpg 230w, https:\/\/romain-seumois-ebenisterie.fr\/wp-content\/uploads\/2017\/03\/IMG_20170319_171910_1-350x263.jpg 350w, https:\/\/romain-seumois-ebenisterie.fr\/wp-content\/uploads\/2017\/03\/IMG_20170319_171910_1-e1489960594779.jpg 800w\" sizes=\"(max-width: 480px) 100vw, 480px\" \/><\/a><\/div><div class=\"project-item item isotope-item latelier \"><a class=\"project-pop-wrap\" href=\"https:\/\/romain-seumois-ebenisterie.fr\/index.php\/projects\/vernis-gomme-laque\/\"><div class=\"project-pop\"><\/div><div class=\"project-title-wrap\"><div class=\"project-title\"><span>Vernis Gomme-Laque<\/span><\/div><\/div><\/a><a href=\"https:\/\/romain-seumois-ebenisterie.fr\/index.php\/projects\/vernis-gomme-laque\/\"><img width=\"480\" height=\"360\" src=\"https:\/\/romain-seumois-ebenisterie.fr\/wp-content\/uploads\/2017\/03\/IMG_20170319_174019-480x360.jpg\" class=\"attachment-sydney-mas-thumb size-sydney-mas-thumb wp-post-image\" alt=\"gomme laque entete\" loading=\"lazy\" srcset=\"https:\/\/romain-seumois-ebenisterie.fr\/wp-content\/uploads\/2017\/03\/IMG_20170319_174019-480x360.jpg 480w, https:\/\/romain-seumois-ebenisterie.fr\/wp-content\/uploads\/2017\/03\/IMG_20170319_174019-300x225.jpg 300w, https:\/\/romain-seumois-ebenisterie.fr\/wp-content\/uploads\/2017\/03\/IMG_20170319_174019-768x576.jpg 768w, https:\/\/romain-seumois-ebenisterie.fr\/wp-content\/uploads\/2017\/03\/IMG_20170319_174019-1024x768.jpg 1024w, https:\/\/romain-seumois-ebenisterie.fr\/wp-content\/uploads\/2017\/03\/IMG_20170319_174019-830x623.jpg 830w, https:\/\/romain-seumois-ebenisterie.fr\/wp-content\/uploads\/2017\/03\/IMG_20170319_174019-230x173.jpg 230w, https:\/\/romain-seumois-ebenisterie.fr\/wp-content\/uploads\/2017\/03\/IMG_20170319_174019-350x263.jpg 350w, https:\/\/romain-seumois-ebenisterie.fr\/wp-content\/uploads\/2017\/03\/IMG_20170319_174019-e1489954342619.jpg 800w\" sizes=\"(max-width: 480px) 100vw, 480px\" \/><\/a><\/div><\/div><\/div><\/div><!-- \/.project-wrap --><\/div><\/div><\/div><\/div><\/div><\/div>","protected":false},"excerpt":{"rendered":"<p>L\u2019\u00e9b\u00e9nisterie est un travail minutieux qui demande beaucoup de temps, de techniques, mais aussi un mat\u00e9riel ad\u00e9quat. D\u00e9couvrez dans cette rubrique les produits et les outils n\u00e9cessaires \u00e0 la bonne prise en charge de vos meubles anciens.<\/p>\n","protected":false},"author":1,"featured_media":0,"parent":0,"menu_order":0,"comment_status":"closed","ping_status":"closed","template":"","meta":[],"yoast_head":"<!-- This site is optimized with the Yoast SEO plugin v18.4.1 - https:\/\/yoast.com\/wordpress\/plugins\/seo\/ -->\n<title>L&#039;Atelier - Romain Seumois \u00c9b\u00e9nisterie d&#039;Art<\/title>\n<meta name=\"robots\" content=\"index, follow, max-snippet:-1, max-image-preview:large, max-video-preview:-1\" \/>\n<link rel=\"canonical\" href=\"https:\/\/romain-seumois-ebenisterie.fr\/index.php\/latelier\/\" \/>\n<meta property=\"og:locale\" content=\"fr_FR\" \/>\n<meta property=\"og:type\" content=\"article\" \/>\n<meta property=\"og:title\" content=\"L&#039;Atelier - Romain Seumois \u00c9b\u00e9nisterie d&#039;Art\" \/>\n<meta property=\"og:description\" content=\"L\u2019\u00e9b\u00e9nisterie est un travail minutieux qui demande beaucoup de temps, de techniques, mais aussi un mat\u00e9riel ad\u00e9quat. D\u00e9couvrez dans cette rubrique les produits et les outils n\u00e9cessaires \u00e0 la bonne prise en charge de vos meubles anciens.\" \/>\n<meta property=\"og:url\" content=\"https:\/\/romain-seumois-ebenisterie.fr\/index.php\/latelier\/\" \/>\n<meta property=\"og:site_name\" content=\"Romain Seumois \u00c9b\u00e9nisterie d&#039;Art\" \/>\n<meta property=\"article:modified_time\" content=\"2017-03-20T23:10:15+00:00\" \/>\n<meta property=\"og:image\" content=\"http:\/\/romain-seumois-ebenisterie.fr\/wp-content\/uploads\/2017\/03\/IMG_20170319_173005-480x360.jpg\" \/>\n<meta name=\"twitter:card\" content=\"summary\" \/>\n<script type=\"application\/ld+json\" class=\"yoast-schema-graph\">{\"@context\":\"https:\/\/schema.org\",\"@graph\":[{\"@type\":\"WebSite\",\"@id\":\"https:\/\/romain-seumois-ebenisterie.fr\/#website\",\"url\":\"https:\/\/romain-seumois-ebenisterie.fr\/\",\"name\":\"Romain Seumois \u00c9b\u00e9nisterie d&#039;Art\",\"description\":\"Restauration de mobilier d&#039;Art\",\"potentialAction\":[{\"@type\":\"SearchAction\",\"target\":{\"@type\":\"EntryPoint\",\"urlTemplate\":\"https:\/\/romain-seumois-ebenisterie.fr\/?s={search_term_string}\"},\"query-input\":\"required name=search_term_string\"}],\"inLanguage\":\"fr-FR\"},{\"@type\":\"ImageObject\",\"@id\":\"https:\/\/romain-seumois-ebenisterie.fr\/index.php\/latelier\/#primaryimage\",\"inLanguage\":\"fr-FR\",\"url\":\"http:\/\/romain-seumois-ebenisterie.fr\/wp-content\/uploads\/2017\/03\/IMG_20170319_173005-480x360.jpg\",\"contentUrl\":\"http:\/\/romain-seumois-ebenisterie.fr\/wp-content\/uploads\/2017\/03\/IMG_20170319_173005-480x360.jpg\"},{\"@type\":\"WebPage\",\"@id\":\"https:\/\/romain-seumois-ebenisterie.fr\/index.php\/latelier\/#webpage\",\"url\":\"https:\/\/romain-seumois-ebenisterie.fr\/index.php\/latelier\/\",\"name\":\"L'Atelier - Romain Seumois \u00c9b\u00e9nisterie d&#039;Art\",\"isPartOf\":{\"@id\":\"https:\/\/romain-seumois-ebenisterie.fr\/#website\"},\"primaryImageOfPage\":{\"@id\":\"https:\/\/romain-seumois-ebenisterie.fr\/index.php\/latelier\/#primaryimage\"},\"datePublished\":\"2017-03-19T20:56:05+00:00\",\"dateModified\":\"2017-03-20T23:10:15+00:00\",\"breadcrumb\":{\"@id\":\"https:\/\/romain-seumois-ebenisterie.fr\/index.php\/latelier\/#breadcrumb\"},\"inLanguage\":\"fr-FR\",\"potentialAction\":[{\"@type\":\"ReadAction\",\"target\":[\"https:\/\/romain-seumois-ebenisterie.fr\/index.php\/latelier\/\"]}]},{\"@type\":\"BreadcrumbList\",\"@id\":\"https:\/\/romain-seumois-ebenisterie.fr\/index.php\/latelier\/#breadcrumb\",\"itemListElement\":[{\"@type\":\"ListItem\",\"position\":1,\"name\":\"Accueil\",\"item\":\"https:\/\/romain-seumois-ebenisterie.fr\/\"},{\"@type\":\"ListItem\",\"position\":2,\"name\":\"L&rsquo;Atelier\"}]}]}<\/script>\n<!-- \/ Yoast SEO plugin. -->","yoast_head_json":{"title":"L'Atelier - Romain Seumois \u00c9b\u00e9nisterie d&#039;Art","robots":{"index":"index","follow":"follow","max-snippet":"max-snippet:-1","max-image-preview":"max-image-preview:large","max-video-preview":"max-video-preview:-1"},"canonical":"https:\/\/romain-seumois-ebenisterie.fr\/index.php\/latelier\/","og_locale":"fr_FR","og_type":"article","og_title":"L'Atelier - Romain Seumois \u00c9b\u00e9nisterie d&#039;Art","og_description":"L\u2019\u00e9b\u00e9nisterie est un travail minutieux qui demande beaucoup de temps, de techniques, mais aussi un mat\u00e9riel ad\u00e9quat. D\u00e9couvrez dans cette rubrique les produits et les outils n\u00e9cessaires \u00e0 la bonne prise en charge de vos meubles anciens.","og_url":"https:\/\/romain-seumois-ebenisterie.fr\/index.php\/latelier\/","og_site_name":"Romain Seumois \u00c9b\u00e9nisterie d&#039;Art","article_modified_time":"2017-03-20T23:10:15+00:00","og_image":[{"url":"http:\/\/romain-seumois-ebenisterie.fr\/wp-content\/uploads\/2017\/03\/IMG_20170319_173005-480x360.jpg"}],"twitter_card":"summary","schema":{"@context":"https:\/\/schema.org","@graph":[{"@type":"WebSite","@id":"https:\/\/romain-seumois-ebenisterie.fr\/#website","url":"https:\/\/romain-seumois-ebenisterie.fr\/","name":"Romain Seumois \u00c9b\u00e9nisterie d&#039;Art","description":"Restauration de mobilier d&#039;Art","potentialAction":[{"@type":"SearchAction","target":{"@type":"EntryPoint","urlTemplate":"https:\/\/romain-seumois-ebenisterie.fr\/?s={search_term_string}"},"query-input":"required name=search_term_string"}],"inLanguage":"fr-FR"},{"@type":"ImageObject","@id":"https:\/\/romain-seumois-ebenisterie.fr\/index.php\/latelier\/#primaryimage","inLanguage":"fr-FR","url":"http:\/\/romain-seumois-ebenisterie.fr\/wp-content\/uploads\/2017\/03\/IMG_20170319_173005-480x360.jpg","contentUrl":"http:\/\/romain-seumois-ebenisterie.fr\/wp-content\/uploads\/2017\/03\/IMG_20170319_173005-480x360.jpg"},{"@type":"WebPage","@id":"https:\/\/romain-seumois-ebenisterie.fr\/index.php\/latelier\/#webpage","url":"https:\/\/romain-seumois-ebenisterie.fr\/index.php\/latelier\/","name":"L'Atelier - Romain Seumois \u00c9b\u00e9nisterie d&#039;Art","isPartOf":{"@id":"https:\/\/romain-seumois-ebenisterie.fr\/#website"},"primaryImageOfPage":{"@id":"https:\/\/romain-seumois-ebenisterie.fr\/index.php\/latelier\/#primaryimage"},"datePublished":"2017-03-19T20:56:05+00:00","dateModified":"2017-03-20T23:10:15+00:00","breadcrumb":{"@id":"https:\/\/romain-seumois-ebenisterie.fr\/index.php\/latelier\/#breadcrumb"},"inLanguage":"fr-FR","potentialAction":[{"@type":"ReadAction","target":["https:\/\/romain-seumois-ebenisterie.fr\/index.php\/latelier\/"]}]},{"@type":"BreadcrumbList","@id":"https:\/\/romain-seumois-ebenisterie.fr\/index.php\/latelier\/#breadcrumb","itemListElement":[{"@type":"ListItem","position":1,"name":"Accueil","item":"https:\/\/romain-seumois-ebenisterie.fr\/"},{"@type":"ListItem","position":2,"name":"L&rsquo;Atelier"}]}]}},"_links":{"self":[{"href":"https:\/\/romain-seumois-ebenisterie.fr\/index.php\/wp-json\/wp\/v2\/pages\/338"}],"collection":[{"href":"https:\/\/romain-seumois-ebenisterie.fr\/index.php\/wp-json\/wp\/v2\/pages"}],"about":[{"href":"https:\/\/romain-seumois-ebenisterie.fr\/index.php\/wp-json\/wp\/v2\/types\/page"}],"author":[{"embeddable":true,"href":"https:\/\/romain-seumois-ebenisterie.fr\/index.php\/wp-json\/wp\/v2\/users\/1"}],"replies":[{"embeddable":true,"href":"https:\/\/romain-seumois-ebenisterie.fr\/index.php\/wp-json\/wp\/v2\/comments?post=338"}],"version-history":[{"count":10,"href":"https:\/\/romain-seumois-ebenisterie.fr\/index.php\/wp-json\/wp\/v2\/pages\/338\/revisions"}],"predecessor-version":[{"id":385,"href":"https:\/\/romain-seumois-ebenisterie.fr\/index.php\/wp-json\/wp\/v2\/pages\/338\/revisions\/385"}],"wp:attachment":[{"href":"https:\/\/romain-seumois-ebenisterie.fr\/index.php\/wp-json\/wp\/v2\/media?parent=338"}],"curies":[{"name":"wp","href":"https:\/\/api.w.org\/{rel}","templated":true}]}}